{"id":555,"date":"2026-02-09T13:13:52","date_gmt":"2026-02-09T13:13:52","guid":{"rendered":"https:\/\/sessco.guenterbaier.com\/?page_id=555"},"modified":"2026-02-16T14:38:45","modified_gmt":"2026-02-16T14:38:45","slug":"impressum-2","status":"publish","type":"page","link":"https:\/\/sessco.guenterbaier.com\/index.php\/impressum-2\/","title":{"rendered":"Impressum"},"content":{"rendered":"\t\t<div data-elementor-type=\"wp-page\" data-elementor-id=\"555\" class=\"elementor elementor-555\" data-elementor-post-type=\"page\">\n\t\t\t\t<div class=\"elementor-element elementor-element-202a46f e-flex e-con-boxed e-con e-parent\" data-id=\"202a46f\" data-element_type=\"container\" data-e-type=\"container\">\n\t\t\t\t\t<div class=\"e-con-inner\">\n\t\t\t\t<div class=\"elementor-element elementor-element-567ca09 elementor-widget elementor-widget-spacer\" data-id=\"567ca09\" data-element_type=\"widget\" data-e-type=\"widget\" data-widget_type=\"spacer.default\">\n\t\t\t\t\t\t\t<div class=\"elementor-spacer\">\n\t\t\t<div class=\"elementor-spacer-inner\"><\/div>\n\t\t<\/div>\n\t\t\t\t\t\t<\/div>\n\t\t\t\t\t<\/div>\n\t\t\t\t<\/div>\n\t\t<div class=\"elementor-element elementor-element-dc57f4c e-flex e-con-boxed e-con e-parent\" data-id=\"dc57f4c\" data-element_type=\"container\" data-e-type=\"container\">\n\t\t\t\t\t<div class=\"e-con-inner\">\n\t\t\t\t<div class=\"elementor-element elementor-element-db73d8c elementor-widget elementor-widget-heading\" data-id=\"db73d8c\" data-element_type=\"widget\" data-e-type=\"widget\" data-widget_type=\"heading.default\">\n\t\t\t\t\t<h2 class=\"elementor-heading-title elementor-size-default\">IMPRESSUM<\/h2>\t\t\t\t<\/div>\n\t\t\t\t<div class=\"elementor-element elementor-element-f173ef7 elementor-widget elementor-widget-text-editor\" data-id=\"f173ef7\" data-element_type=\"widget\" data-e-type=\"widget\" data-widget_type=\"text-editor.default\">\n\t\t\t\t\t\t\t\t\t<h4 class=\"p2\"><b>Angaben gem\u00e4\u00df \u00a7 5 DDG (Digitale-Dienste-Gesetz)<\/b><\/h4><p class=\"p2\">Sesoco GmbH (handelnd unter \u201eSesoco Group\u201c)<\/p><p class=\"p2\">Gesch\u00e4ftsf\u00fchrer: Michael Fischer<\/p><p class=\"p2\">M\u00fchlenstra\u00dfe 70A<\/p><p class=\"p2\">41352 Korschenbroich<\/p><p class=\"p2\">Deutschland<\/p><p class=\"p2\">Telefon: +49 2161 999 0 200<\/p><p class=\"p2\">E-Mail: online@sesoco.de<\/p><h4 class=\"p2\"><b>Registereintrag<\/b><\/h4><p class=\"p2\">Eingetragen im Handelsregister<\/p><p class=\"p2\">Registergericht: Amtsgericht Neuss<\/p><p class=\"p2\">Registernummer: HRB 20420<\/p><h4 class=\"p2\"><b>Umsatzsteuer-Identifikationsnummer gem\u00e4\u00df \u00a7 27a UStG<\/b><\/h4><p class=\"p2\">DE 324 847 439<\/p><h4 class=\"p2\"><b>Verantwortlich f\u00fcr den Inhalt nach \u00a7 18 Abs. 2 MStV:<\/b><\/h4><p class=\"p2\">Michael Fischer<\/p><p class=\"p2\">M\u00fchlenstra\u00dfe 70A<\/p><p class=\"p2\">41352 Korschenbroich<\/p><h4 class=\"p2\"><b>EU-Streitschlichtung<\/b><\/h4><p class=\"p2\">Die Europ\u00e4ische Kommission stellt eine Plattform zur Online-Streitbeilegung (OS) bereit:<\/p><p class=\"p2\">https:\/\/ec.europa.eu\/consumers\/odr\/<\/p><p class=\"p2\">Wir sind nicht verpflichtet und nicht bereit, an Streitbeilegungsverfahren vor einer<\/p><p class=\"p2\">Verbraucherschlichtungsstelle teilzunehmen.<\/p><h4 class=\"p2\"><b>Haftung f\u00fcr Inhalte<\/b><\/h4><p class=\"p2\">Die Inhalte unserer Seiten wurden mit gr\u00f6\u00dfter Sorgfalt erstellt. F\u00fcr die Richtigkeit, Vollst\u00e4ndigkeit und<\/p><p class=\"p2\">Aktualit\u00e4t der Inhalte k\u00f6nnen wir jedoch keine Gew\u00e4hr \u00fcbernehmen. Als Diensteanbieter sind wir gem\u00e4\u00df \u00a7<\/p><p class=\"p2\">7 Abs. 1 DDG f\u00fcr eigene Inhalte auf diesen Seiten nach den allgemeinen Gesetzen verantwortlich.<\/p><p class=\"p2\">Nach \u00a7\u00a7 8 bis 10 DDG sind wir jedoch nicht verpflichtet, \u00fcbermittelte oder gespeicherte fremde<\/p><p class=\"p2\">Informationen zu \u00fcberwachen oder nach Umst\u00e4nden zu forschen, die auf eine rechtswidrige T\u00e4tigkeit<\/p><p class=\"p2\">hinweisen.<\/p><h4 class=\"p2\"><b>Haftung f\u00fcr Links<\/b><\/h4><p class=\"p2\">Unser Angebot enth\u00e4lt Links zu externen Websites Dritter, auf deren Inhalte wir keinen Einfluss haben.<\/p><p class=\"p2\">Deshalb k\u00f6nnen wir f\u00fcr diese fremden Inhalte auch keine Gew\u00e4hr \u00fcbernehmen. F\u00fcr die Inhalte der<\/p><p class=\"p2\">verlinkten Seiten ist stets der jeweilige Anbieter oder Betreiber der Seiten verantwortlich.<\/p><h4 class=\"p2\"><b>Urheberrecht<\/b><\/h4><p class=\"p2\">Die durch die Seitenbetreiber erstellten Inhalte und Werke auf diesen Seiten unterliegen dem deutschen<\/p><p class=\"p2\">Urheberrecht. Die Vervielf\u00e4ltigung, Bearbeitung, Verbreitung und jede Art der Verwertung au\u00dferhalb der<br \/>Grenzen des Urheberrechts bed\u00fcrfen der schriftlichen Zustimmung des jeweiligen Autors bzw. Erstellers.<\/p>\t\t\t\t\t\t\t\t<\/div>\n\t\t\t\t<div class=\"elementor-element elementor-element-3597074 elementor-widget elementor-widget-spacer\" data-id=\"3597074\" data-element_type=\"widget\" data-e-type=\"widget\" data-widget_type=\"spacer.default\">\n\t\t\t\t\t\t\t<div class=\"elementor-spacer\">\n\t\t\t<div class=\"elementor-spacer-inner\"><\/div>\n\t\t<\/div>\n\t\t\t\t\t\t<\/div>\n\t\t\t\t<div class=\"elementor-element elementor-element-8bb2be1 elementor-widget elementor-widget-spacer\" data-id=\"8bb2be1\" data-element_type=\"widget\" data-e-type=\"widget\" data-widget_type=\"spacer.default\">\n\t\t\t\t\t\t\t<div class=\"elementor-spacer\">\n\t\t\t<div class=\"elementor-spacer-inner\"><\/div>\n\t\t<\/div>\n\t\t\t\t\t\t<\/div>\n\t\t\t\t\t<\/div>\n\t\t\t\t<\/div>\n\t\t\t\t<\/div>\n\t\t","protected":false},"excerpt":{"rendered":"<p>IMPRESSUM Angaben gem\u00e4\u00df \u00a7 5 DDG (Digitale-Dienste-Gesetz) Sesoco GmbH (handelnd unter \u201eSesoco Group\u201c) Gesch\u00e4ftsf\u00fchrer: Michael Fischer M\u00fchlenstra\u00dfe 70A 41352 Korschenbroich Deutschland Telefon: +49 2161 999 0 200 E-Mail: online@sesoco.de Registereintrag Eingetragen im Handelsregister Registergericht: Amtsgericht Neuss Registernummer: HRB 20420 Umsatzsteuer-Identifikationsnummer gem\u00e4\u00df \u00a7 27a UStG DE 324 847 439 Verantwortlich f\u00fcr den Inhalt nach \u00a7 18 [&hellip;]<\/p>\n","protected":false},"author":1,"featured_media":0,"parent":0,"menu_order":0,"comment_status":"closed","ping_status":"closed","template":"","meta":{"footnotes":""},"class_list":["post-555","page","type-page","status-publish","hentry"],"_links":{"self":[{"href":"https:\/\/sessco.guenterbaier.com\/index.php\/wp-json\/wp\/v2\/pages\/555","targetHints":{"allow":["GET"]}}],"collection":[{"href":"https:\/\/sessco.guenterbaier.com\/index.php\/wp-json\/wp\/v2\/pages"}],"about":[{"href":"https:\/\/sessco.guenterbaier.com\/index.php\/wp-json\/wp\/v2\/types\/page"}],"author":[{"embeddable":true,"href":"https:\/\/sessco.guenterbaier.com\/index.php\/wp-json\/wp\/v2\/users\/1"}],"replies":[{"embeddable":true,"href":"https:\/\/sessco.guenterbaier.com\/index.php\/wp-json\/wp\/v2\/comments?post=555"}],"version-history":[{"count":34,"href":"https:\/\/sessco.guenterbaier.com\/index.php\/wp-json\/wp\/v2\/pages\/555\/revisions"}],"predecessor-version":[{"id":1417,"href":"https:\/\/sessco.guenterbaier.com\/index.php\/wp-json\/wp\/v2\/pages\/555\/revisions\/1417"}],"wp:attachment":[{"href":"https:\/\/sessco.guenterbaier.com\/index.php\/wp-json\/wp\/v2\/media?parent=555"}],"curies":[{"name":"wp","href":"https:\/\/api.w.org\/{rel}","templated":true}]}}